{"id":571,"date":"2023-10-04T15:41:55","date_gmt":"2023-10-04T19:41:55","guid":{"rendered":"http:\/\/staging.agrebec.ca\/?post_type=product&#038;p=571"},"modified":"2025-01-10T09:57:23","modified_gmt":"2025-01-10T14:57:23","slug":"ball-set-mix-no-20-116-0-3mm","status":"publish","type":"product","link":"https:\/\/www.agrebec.ca\/en\/produit\/ball-set-mix-no-20-116-0-3mm\/","title":{"rendered":"\u00c9chantillon Ball-Set-Mix (~1kg)"},"content":{"rendered":"","protected":false},"excerpt":{"rendered":"<div class=\"elementor-element elementor-element-e59a6ca elementor-widget elementor-widget-text-editor\" data-id=\"e59a6ca\" data-element_type=\"widget\" data-widget_type=\"text-editor.default\">\n<div class=\"elementor-widget-container\">\n<h5><span style=\"color: #ff0000;\">*Seulement les grosseurs dont les \u00e9chantillons sont en inventaire pourront \u00eatre ajout\u00e9s au panier<\/span><\/h5>\n<p>Le Ball-Set-Mix est depuis plusieurs ann\u00e9es la r\u00e9f\u00e9rence pour la conception d\u2019avant-champ de terrain de balle au Qu\u00e9bec.<\/p>\n<p>Compos\u00e9 de briques d\u2019argiles cuites, schiste argileux, pierre calcaire et argile vierge, le Ball-Set-Mix est utilis\u00e9 sur des terrains consid\u00e9r\u00e9s comme les plus beaux au pays.<\/p>\n<p><strong>Caract\u00e9ristiques<\/strong><\/p>\n<ul>\n<li>3mm (0-1\/8)<\/li>\n<li>Surface ferme moyenne<\/li>\n<li>Bon rebond de la balle<\/li>\n<li>Tr\u00e8s bonne absorption et r\u00e9tention de l\u2019eau<\/li>\n<li>Plus de 50% passant entre les tamis\u00a01mm et 0.25 pour un excellent drainage<\/li>\n<li>Test\u00e9 selon ASTM F-1632<\/li>\n<\/ul>\n<table class=\"product\">\n<tbody>\n<tr>\n<td>SABLE<\/td>\n<td><img decoding=\"async\" class=\"alignnone wp-image-552 size-full ewww_webp_loaded\" src=\"https:\/\/www.agrebec.ca\/wp-content\/uploads\/2023\/10\/cases8.png.webp\" alt=\"\" width=\"134\" height=\"12\" data-src-img=\"https:\/\/www.agrebec.ca\/wp-content\/uploads\/2023\/10\/cases8.png\" data-src-webp=\"https:\/\/www.agrebec.ca\/wp-content\/uploads\/2023\/10\/cases8.png.webp\" data-eio=\"j\" \/><\/td>\n<\/tr>\n<tr>\n<td>LIMON<\/td>\n<td><img decoding=\"async\" class=\"alignnone wp-image-551 size-full ewww_webp_loaded\" src=\"https:\/\/www.agrebec.ca\/wp-content\/uploads\/2023\/10\/cases5.png.webp\" alt=\"\" width=\"134\" height=\"12\" data-src-img=\"https:\/\/www.agrebec.ca\/wp-content\/uploads\/2023\/10\/cases5.png\" data-src-webp=\"https:\/\/www.agrebec.ca\/wp-content\/uploads\/2023\/10\/cases5.png.webp\" data-eio=\"j\" \/><\/td>\n<\/tr>\n<tr>\n<td>ARGILE<\/td>\n<td><img decoding=\"async\" class=\"alignnone wp-image-555 size-full ewww_webp_loaded\" src=\"https:\/\/www.agrebec.ca\/wp-content\/uploads\/2023\/10\/cases4.png.webp\" alt=\"\" width=\"134\" height=\"12\" data-src-img=\"https:\/\/www.agrebec.ca\/wp-content\/uploads\/2023\/10\/cases4.png\" data-src-webp=\"https:\/\/www.agrebec.ca\/wp-content\/uploads\/2023\/10\/cases4.png.webp\" data-eio=\"j\" \/><\/td>\n<\/tr>\n<tr>\n<td>ENTRETIEN<\/td>\n<td><img loading=\"lazy\" decoding=\"async\" class=\"alignnone wp-image-556 size-full ewww_webp_loaded\" src=\"https:\/\/www.agrebec.ca\/wp-content\/uploads\/2023\/10\/3cases.png.webp\" alt=\"\" width=\"67\" height=\"12\" data-src-img=\"https:\/\/www.agrebec.ca\/wp-content\/uploads\/2023\/10\/3cases.png\" data-src-webp=\"https:\/\/www.agrebec.ca\/wp-content\/uploads\/2023\/10\/3cases.png.webp\" data-eio=\"j\" \/><\/td>\n<\/tr>\n<\/tbody>\n<\/table>\n<p>&nbsp;<\/p>\n<\/div>\n<\/div>\n<div class=\"elementor-element elementor-element-27b72a4 elementor-widget elementor-widget-text-editor\" data-id=\"27b72a4\" data-element_type=\"widget\" data-widget_type=\"text-editor.default\">\n<table class=\"product\">\n<tbody>\n<tr>\n<td>0-1\/8 (0-3mm)<\/td>\n<td><img loading=\"lazy\" decoding=\"async\" class=\"ewww_webp_loaded\" src=\"https:\/\/www.agrebec.ca\/wp-content\/uploads\/2023\/09\/sac_logo.png.webp\" alt=\"\" width=\"21\" height=\"22\" data-src-img=\"https:\/\/www.agrebec.ca\/wp-content\/uploads\/2023\/09\/sac_logo.png\" data-src-webp=\"https:\/\/www.agrebec.ca\/wp-content\/uploads\/2023\/09\/sac_logo.png.webp\" data-eio=\"j\" \/><img loading=\"lazy\" decoding=\"async\" class=\"alignnone size-full wp-image-4878\" src=\"https:\/\/www.agrebec.ca\/wp-content\/uploads\/2025\/01\/bb_logo.png\" alt=\"\" width=\"21\" height=\"21\" \/><img loading=\"lazy\" decoding=\"async\" class=\"ewww_webp_loaded\" src=\"https:\/\/www.agrebec.ca\/wp-content\/uploads\/2023\/09\/vrac_logo.png.webp\" alt=\"\" width=\"21\" height=\"22\" data-src-img=\"https:\/\/www.agrebec.ca\/wp-content\/uploads\/2023\/09\/vrac_logo.png\" data-src-webp=\"https:\/\/www.agrebec.ca\/wp-content\/uploads\/2023\/09\/vrac_logo.png.webp\" data-eio=\"j\" \/><\/td>\n<td>116<\/td>\n<\/tr>\n<\/tbody>\n<\/table>\n<p><strong>1 tonne m\u00e9trique couvre +\/- 105p<sup>2<\/sup>\u00a0\u00e0 2 pouces d\u2019\u00e9paisseur<\/strong><\/p>\n<\/div>\n","protected":false},"featured_media":284,"template":"","meta":[],"product_brand":[],"product_cat":[18],"product_tag":[],"class_list":{"0":"post-571","1":"product","2":"type-product","3":"status-publish","4":"has-post-thumbnail","6":"product_cat-non-classe","8":"first","9":"instock","10":"taxable","11":"shipping-taxable","12":"purchasable","13":"product-type-simple"},"_links":{"self":[{"href":"https:\/\/www.agrebec.ca\/en\/wp-json\/wp\/v2\/product\/571","targetHints":{"allow":["GET"]}}],"collection":[{"href":"https:\/\/www.agrebec.ca\/en\/wp-json\/wp\/v2\/product"}],"about":[{"href":"https:\/\/www.agrebec.ca\/en\/wp-json\/wp\/v2\/types\/product"}],"wp:featuredmedia":[{"embeddable":true,"href":"https:\/\/www.agrebec.ca\/en\/wp-json\/wp\/v2\/media\/284"}],"wp:attachment":[{"href":"https:\/\/www.agrebec.ca\/en\/wp-json\/wp\/v2\/media?parent=571"}],"wp:term":[{"taxonomy":"product_brand","embeddable":true,"href":"https:\/\/www.agrebec.ca\/en\/wp-json\/wp\/v2\/product_brand?post=571"},{"taxonomy":"product_cat","embeddable":true,"href":"https:\/\/www.agrebec.ca\/en\/wp-json\/wp\/v2\/product_cat?post=571"},{"taxonomy":"product_tag","embeddable":true,"href":"https:\/\/www.agrebec.ca\/en\/wp-json\/wp\/v2\/product_tag?post=571"}],"curies":[{"name":"wp","href":"https:\/\/api.w.org\/{rel}","templated":true}]}}