{"id":572,"date":"2023-10-04T15:42:39","date_gmt":"2023-10-04T19:42:39","guid":{"rendered":"http:\/\/staging.agrebec.ca\/?post_type=product&#038;p=572"},"modified":"2025-01-10T09:58:40","modified_gmt":"2025-01-10T14:58:40","slug":"argile-ferme","status":"publish","type":"product","link":"https:\/\/www.agrebec.ca\/en\/produit\/argile-ferme\/","title":{"rendered":"\u00c9chantillon M\u00e9lange Argile Ferme (~1kg)"},"content":{"rendered":"","protected":false},"excerpt":{"rendered":"<div class=\"elementor-element elementor-element-389e76c elementor-widget elementor-widget-text-editor\" data-id=\"389e76c\" data-element_type=\"widget\" data-widget_type=\"text-editor.default\">\n<div class=\"elementor-widget-container\">\n<h5><span style=\"color: #ff0000;\">*Seulement les grosseurs dont les \u00e9chantillons sont en inventaire pourront \u00eatre ajout\u00e9s au panier<\/span><\/h5>\n<p>Notre m\u00e9lange d\u2019argile rouge est produit selon les principes reconnus de calibration argile, sable et limon. Offert en m\u00e9lange ferme ou drainant, et produit au Qu\u00e9bec selon les recettes am\u00e9ricaines. Le m\u00e9lange argile classique offre une excellente surface de jeu d\u2019un rouge vif pour les terrains professionnels ou semi-pros.<\/p>\n<\/div>\n<\/div>\n<div>\n<p><strong>Caract\u00e9ristiques<\/strong><\/p>\n<ul>\n<li>0-3mm (0-1\/8)<\/li>\n<li>Surface ferme<\/li>\n<li>Excellent rebond de la balle<\/li>\n<li>Excellente absorption et r\u00e9tention de l\u2019eau<\/li>\n<li>Bon drainage<\/li>\n<\/ul>\n<table class=\"product\">\n<tbody>\n<tr>\n<td>SABLE<\/td>\n<td><img decoding=\"async\" class=\"alignnone wp-image-559 size-full ewww_webp_loaded\" src=\"https:\/\/www.agrebec.ca\/wp-content\/uploads\/2023\/10\/cases7.png.webp\" alt=\"\" width=\"134\" height=\"12\" data-src-img=\"https:\/\/www.agrebec.ca\/wp-content\/uploads\/2023\/10\/cases7.png\" data-src-webp=\"https:\/\/www.agrebec.ca\/wp-content\/uploads\/2023\/10\/cases7.png.webp\" data-eio=\"j\" \/><\/td>\n<\/tr>\n<tr>\n<td>LIMON<\/td>\n<td><img decoding=\"async\" class=\"alignnone wp-image-560 size-full ewww_webp_loaded\" src=\"https:\/\/www.agrebec.ca\/wp-content\/uploads\/2023\/10\/cases6.png.webp\" alt=\"\" width=\"135\" height=\"12\" data-src-img=\"https:\/\/www.agrebec.ca\/wp-content\/uploads\/2023\/10\/cases6.png\" data-src-webp=\"https:\/\/www.agrebec.ca\/wp-content\/uploads\/2023\/10\/cases6.png.webp\" data-eio=\"j\" \/><\/td>\n<\/tr>\n<tr>\n<td>ARGILE<\/td>\n<td><img decoding=\"async\" class=\"alignnone wp-image-555 size-full ewww_webp_loaded\" src=\"https:\/\/www.agrebec.ca\/wp-content\/uploads\/2023\/10\/cases4.png.webp\" alt=\"\" width=\"134\" height=\"12\" data-src-img=\"https:\/\/www.agrebec.ca\/wp-content\/uploads\/2023\/10\/cases4.png\" data-src-webp=\"https:\/\/www.agrebec.ca\/wp-content\/uploads\/2023\/10\/cases4.png.webp\" data-eio=\"j\" \/><\/td>\n<\/tr>\n<tr>\n<td>ENTRETIEN<\/td>\n<td><img loading=\"lazy\" decoding=\"async\" class=\"alignnone wp-image-554 size-full ewww_webp_loaded\" src=\"https:\/\/www.agrebec.ca\/wp-content\/uploads\/2023\/10\/4cases.png.webp\" alt=\"\" width=\"67\" height=\"12\" data-src-img=\"https:\/\/www.agrebec.ca\/wp-content\/uploads\/2023\/10\/4cases.png\" data-src-webp=\"https:\/\/www.agrebec.ca\/wp-content\/uploads\/2023\/10\/4cases.png.webp\" data-eio=\"j\" \/><\/td>\n<\/tr>\n<\/tbody>\n<\/table>\n<p>&nbsp;<\/p>\n<table class=\"product\">\n<tbody>\n<tr>\n<td>0-1\/8 (0-3mm)<\/td>\n<td><img loading=\"lazy\" decoding=\"async\" class=\"ewww_webp_loaded\" src=\"https:\/\/www.agrebec.ca\/wp-content\/uploads\/2023\/09\/sac_logo.png.webp\" alt=\"\" width=\"21\" height=\"22\" data-src-img=\"https:\/\/www.agrebec.ca\/wp-content\/uploads\/2023\/09\/sac_logo.png\" data-src-webp=\"https:\/\/www.agrebec.ca\/wp-content\/uploads\/2023\/09\/sac_logo.png.webp\" data-eio=\"j\" \/><img loading=\"lazy\" decoding=\"async\" class=\"alignnone size-full wp-image-4878\" src=\"https:\/\/www.agrebec.ca\/wp-content\/uploads\/2025\/01\/bb_logo.png\" alt=\"\" width=\"21\" height=\"21\" \/><img loading=\"lazy\" decoding=\"async\" class=\"ewww_webp_loaded\" src=\"https:\/\/www.agrebec.ca\/wp-content\/uploads\/2023\/09\/vrac_logo.png.webp\" alt=\"\" width=\"21\" height=\"22\" data-src-img=\"https:\/\/www.agrebec.ca\/wp-content\/uploads\/2023\/09\/vrac_logo.png\" data-src-webp=\"https:\/\/www.agrebec.ca\/wp-content\/uploads\/2023\/09\/vrac_logo.png.webp\" data-eio=\"j\" \/><\/td>\n<td>236<\/td>\n<\/tr>\n<\/tbody>\n<\/table>\n<p><strong>1 tonne m\u00e9trique couvre +\/- 105p<sup>2<\/sup>\u00a0\u00e0 2 pouces d\u2019\u00e9paisseur<\/strong><\/p>\n<\/div>\n","protected":false},"featured_media":709,"template":"","meta":[],"product_brand":[],"product_cat":[18],"product_tag":[],"class_list":{"0":"post-572","1":"product","2":"type-product","3":"status-publish","4":"has-post-thumbnail","6":"product_cat-non-classe","8":"first","9":"instock","10":"taxable","11":"shipping-taxable","12":"purchasable","13":"product-type-simple"},"_links":{"self":[{"href":"https:\/\/www.agrebec.ca\/en\/wp-json\/wp\/v2\/product\/572","targetHints":{"allow":["GET"]}}],"collection":[{"href":"https:\/\/www.agrebec.ca\/en\/wp-json\/wp\/v2\/product"}],"about":[{"href":"https:\/\/www.agrebec.ca\/en\/wp-json\/wp\/v2\/types\/product"}],"wp:featuredmedia":[{"embeddable":true,"href":"https:\/\/www.agrebec.ca\/en\/wp-json\/wp\/v2\/media\/709"}],"wp:attachment":[{"href":"https:\/\/www.agrebec.ca\/en\/wp-json\/wp\/v2\/media?parent=572"}],"wp:term":[{"taxonomy":"product_brand","embeddable":true,"href":"https:\/\/www.agrebec.ca\/en\/wp-json\/wp\/v2\/product_brand?post=572"},{"taxonomy":"product_cat","embeddable":true,"href":"https:\/\/www.agrebec.ca\/en\/wp-json\/wp\/v2\/product_cat?post=572"},{"taxonomy":"product_tag","embeddable":true,"href":"https:\/\/www.agrebec.ca\/en\/wp-json\/wp\/v2\/product_tag?post=572"}],"curies":[{"name":"wp","href":"https:\/\/api.w.org\/{rel}","templated":true}]}}