{"id":575,"date":"2023-10-04T15:44:06","date_gmt":"2023-10-04T19:44:06","guid":{"rendered":"http:\/\/staging.agrebec.ca\/?post_type=product&#038;p=575"},"modified":"2025-03-19T10:48:17","modified_gmt":"2025-03-19T14:48:17","slug":"sable-blanc-a-ligner-812","status":"publish","type":"product","link":"https:\/\/www.agrebec.ca\/en\/produit\/sable-blanc-a-ligner-812\/","title":{"rendered":"\u00c9chantillon Sable Blanc \u00e0 Ligner (~1kg)"},"content":{"rendered":"","protected":false},"excerpt":{"rendered":"<h5><span style=\"color: #ff0000;\">*Seulement les grosseurs dont les \u00e9chantillons sont en inventaire pourront \u00eatre ajout\u00e9s au panier<\/span><\/h5>\n<p>Le sable blanc pour ligner (grossier) est calibr\u00e9 de fa\u00e7on parfaite pour un lignage impeccable sans bourrage des \u00e9quipements de tra\u00e7age.<\/p>\n<p>Disponible en sac de 22.7kg (56 sacs par palette).<\/p>\n<table class=\"product\">\n<tbody>\n<tr>\n<td>Sable \u00e0 ligner<\/td>\n<td><img decoding=\"async\" class=\"ewww_webp_loaded\" src=\"https:\/\/www.agrebec.ca\/wp-content\/uploads\/2023\/09\/sac_logo.png.webp\" alt=\"\" width=\"21\" height=\"22\" data-src-img=\"https:\/\/www.agrebec.ca\/wp-content\/uploads\/2023\/09\/sac_logo.png\" data-src-webp=\"https:\/\/www.agrebec.ca\/wp-content\/uploads\/2023\/09\/sac_logo.png.webp\" data-eio=\"j\" \/><\/td>\n<td>812<\/td>\n<\/tr>\n<\/tbody>\n<\/table>\n","protected":false},"featured_media":707,"template":"","meta":[],"product_brand":[],"product_cat":[18],"product_tag":[],"class_list":{"0":"post-575","1":"product","2":"type-product","3":"status-publish","4":"has-post-thumbnail","6":"product_cat-non-classe","8":"first","9":"instock","10":"taxable","11":"shipping-taxable","12":"purchasable","13":"product-type-simple"},"_links":{"self":[{"href":"https:\/\/www.agrebec.ca\/en\/wp-json\/wp\/v2\/product\/575","targetHints":{"allow":["GET"]}}],"collection":[{"href":"https:\/\/www.agrebec.ca\/en\/wp-json\/wp\/v2\/product"}],"about":[{"href":"https:\/\/www.agrebec.ca\/en\/wp-json\/wp\/v2\/types\/product"}],"wp:featuredmedia":[{"embeddable":true,"href":"https:\/\/www.agrebec.ca\/en\/wp-json\/wp\/v2\/media\/707"}],"wp:attachment":[{"href":"https:\/\/www.agrebec.ca\/en\/wp-json\/wp\/v2\/media?parent=575"}],"wp:term":[{"taxonomy":"product_brand","embeddable":true,"href":"https:\/\/www.agrebec.ca\/en\/wp-json\/wp\/v2\/product_brand?post=575"},{"taxonomy":"product_cat","embeddable":true,"href":"https:\/\/www.agrebec.ca\/en\/wp-json\/wp\/v2\/product_cat?post=575"},{"taxonomy":"product_tag","embeddable":true,"href":"https:\/\/www.agrebec.ca\/en\/wp-json\/wp\/v2\/product_tag?post=575"}],"curies":[{"name":"wp","href":"https:\/\/api.w.org\/{rel}","templated":true}]}}