{"id":576,"date":"2023-10-04T15:44:52","date_gmt":"2023-10-04T19:44:52","guid":{"rendered":"http:\/\/staging.agrebec.ca\/?post_type=product&#038;p=576"},"modified":"2025-01-10T09:59:51","modified_gmt":"2025-01-10T14:59:51","slug":"ten-set-vert-no-20-954-0-2-5mm","status":"publish","type":"product","link":"https:\/\/www.agrebec.ca\/en\/produit\/ten-set-vert-no-20-954-0-2-5mm\/","title":{"rendered":"\u00c9chantillon Ten-Set Vert (~1kg)"},"content":{"rendered":"","protected":false},"excerpt":{"rendered":"<div class=\"elementor-element elementor-element-c79bfcf elementor-widget elementor-widget-text-editor\" data-id=\"c79bfcf\" data-element_type=\"widget\" data-widget_type=\"text-editor.default\">\n<div class=\"elementor-widget-container\">\n<h5><span style=\"color: #ff0000;\">*Seulement les grosseurs dont les \u00e9chantillons sont en inventaire pourront \u00eatre ajout\u00e9s au panier<\/span><\/h5>\n<p>Produit \u00e0 partir d\u2019un granite vert auquel s\u2019ajoute un limon, une argile vierge et un agent liant, le Ten-set est compos\u00e9 \u00e0 100 % de mati\u00e8re naturelle, et peut \u00eatre utilis\u00e9 pour les surfaces de tennis, de p\u00e9tanque et de bocce. Sa rapidit\u00e9 d\u2019installation, sa long\u00e9vit\u00e9 et sa facilit\u00e9 d\u2019entretien font du Ten-Set un rev\u00eatement d\u2019exception.<\/p>\n<table class=\"product\">\n<tbody>\n<tr>\n<td>0-3\/32 (0-2.5mm)<\/td>\n<td><img decoding=\"async\" class=\"ewww_webp_loaded\" src=\"https:\/\/www.agrebec.ca\/wp-content\/uploads\/2023\/09\/sac_logo.png.webp\" alt=\"\" width=\"21\" height=\"22\" data-src-img=\"https:\/\/www.agrebec.ca\/wp-content\/uploads\/2023\/09\/sac_logo.png\" data-src-webp=\"https:\/\/www.agrebec.ca\/wp-content\/uploads\/2023\/09\/sac_logo.png.webp\" data-eio=\"j\" \/><img decoding=\"async\" class=\"alignnone size-full wp-image-4878\" src=\"https:\/\/www.agrebec.ca\/wp-content\/uploads\/2025\/01\/bb_logo.png\" alt=\"\" width=\"21\" height=\"21\" \/><img decoding=\"async\" class=\"ewww_webp_loaded\" src=\"https:\/\/www.agrebec.ca\/wp-content\/uploads\/2023\/09\/vrac_logo.png.webp\" alt=\"\" width=\"21\" height=\"22\" data-src-img=\"https:\/\/www.agrebec.ca\/wp-content\/uploads\/2023\/09\/vrac_logo.png\" data-src-webp=\"https:\/\/www.agrebec.ca\/wp-content\/uploads\/2023\/09\/vrac_logo.png.webp\" data-eio=\"j\" \/><\/td>\n<td>954<\/td>\n<\/tr>\n<\/tbody>\n<\/table>\n<\/div>\n<\/div>\n<div class=\"elementor-element elementor-element-3a226a6 elementor-widget elementor-widget-text-editor\" data-id=\"3a226a6\" data-element_type=\"widget\" data-widget_type=\"text-editor.default\">\n<div class=\"elementor-widget-container\"><strong>1 tonne m\u00e9trique couvre +\/- 100p<sup>2<\/sup>\u00a0\u00e0 2 pouces d\u2019\u00e9paisseur<\/strong><\/div>\n<\/div>\n<div><\/div>\n<div><\/div>\n","protected":false},"featured_media":325,"template":"","meta":[],"product_brand":[],"product_cat":[18],"product_tag":[],"class_list":{"0":"post-576","1":"product","2":"type-product","3":"status-publish","4":"has-post-thumbnail","6":"product_cat-non-classe","8":"first","9":"instock","10":"taxable","11":"shipping-taxable","12":"purchasable","13":"product-type-simple"},"_links":{"self":[{"href":"https:\/\/www.agrebec.ca\/en\/wp-json\/wp\/v2\/product\/576","targetHints":{"allow":["GET"]}}],"collection":[{"href":"https:\/\/www.agrebec.ca\/en\/wp-json\/wp\/v2\/product"}],"about":[{"href":"https:\/\/www.agrebec.ca\/en\/wp-json\/wp\/v2\/types\/product"}],"wp:featuredmedia":[{"embeddable":true,"href":"https:\/\/www.agrebec.ca\/en\/wp-json\/wp\/v2\/media\/325"}],"wp:attachment":[{"href":"https:\/\/www.agrebec.ca\/en\/wp-json\/wp\/v2\/media?parent=576"}],"wp:term":[{"taxonomy":"product_brand","embeddable":true,"href":"https:\/\/www.agrebec.ca\/en\/wp-json\/wp\/v2\/product_brand?post=576"},{"taxonomy":"product_cat","embeddable":true,"href":"https:\/\/www.agrebec.ca\/en\/wp-json\/wp\/v2\/product_cat?post=576"},{"taxonomy":"product_tag","embeddable":true,"href":"https:\/\/www.agrebec.ca\/en\/wp-json\/wp\/v2\/product_tag?post=576"}],"curies":[{"name":"wp","href":"https:\/\/api.w.org\/{rel}","templated":true}]}}