{"id":724,"date":"2023-10-12T15:25:28","date_gmt":"2023-10-12T19:25:28","guid":{"rendered":"http:\/\/staging.agrebec.ca\/?post_type=product&#038;p=724"},"modified":"2025-01-10T09:54:52","modified_gmt":"2025-01-10T14:54:52","slug":"pierres-blanches-pour-toiture-5-12mm-no-sc-862","status":"publish","type":"product","link":"https:\/\/www.agrebec.ca\/en\/produit\/pierres-blanches-pour-toiture-5-12mm-no-sc-862\/","title":{"rendered":"\u00c9chantillon Pierre Blanche pour Toiture SC-862 (~1kg)"},"content":{"rendered":"","protected":false},"excerpt":{"rendered":"<h5><span style=\"color: #ff0000;\">*Seulement les grosseurs dont les \u00e9chantillons sont en inventaire pourront \u00eatre ajout\u00e9s au panier<\/span><\/h5>\n<p>Granulom\u00e9trie : 5-12 mm<\/p>\n<p>Conforme aux exigences de l\u2019AMCQ<\/p>\n<p>Gradation selon ASTM D 1863 No 7a<\/p>\n<p>Test\u00e9 selon ASTM C1549 et C1371<\/p>\n<p>IRS calcul\u00e9 selon ASTM E1980<\/p>\n<p>CAN\/CSA A23.2-9A MgS04 % mesur\u00e9 15.6%<\/p>\n<p>POUR TOITURES MULTICOUCHES ET AUTRES<\/p>\n<table class=\"product\">\n<tbody>\n<tr>\n<td>1\/4-7\/16 (5-12mm)<\/td>\n<td><img decoding=\"async\" class=\"ewww_webp_loaded\" src=\"https:\/\/www.agrebec.ca\/wp-content\/uploads\/2023\/09\/sac_logo.png.webp\" alt=\"\" width=\"21\" height=\"22\" data-src-img=\"https:\/\/www.agrebec.ca\/wp-content\/uploads\/2023\/09\/sac_logo.png\" data-src-webp=\"https:\/\/www.agrebec.ca\/wp-content\/uploads\/2023\/09\/sac_logo.png.webp\" data-eio=\"j\" \/><img decoding=\"async\" class=\"alignnone size-full wp-image-4878\" src=\"https:\/\/www.agrebec.ca\/wp-content\/uploads\/2025\/01\/bb_logo.png\" alt=\"\" width=\"21\" height=\"21\" \/><img decoding=\"async\" class=\"ewww_webp_loaded\" src=\"https:\/\/www.agrebec.ca\/wp-content\/uploads\/2023\/09\/vrac_logo.png.webp\" alt=\"\" width=\"21\" height=\"22\" data-src-img=\"https:\/\/www.agrebec.ca\/wp-content\/uploads\/2023\/09\/vrac_logo.png\" data-src-webp=\"https:\/\/www.agrebec.ca\/wp-content\/uploads\/2023\/09\/vrac_logo.png.webp\" data-eio=\"j\" \/><\/td>\n<td>862<\/td>\n<\/tr>\n<\/tbody>\n<\/table>\n<p><strong>1 tonne m\u00e9trique couvre +\/- 120p<sup>2<\/sup> \u00e0 2 pouces d\u2019\u00e9paisseur<\/strong><\/p>\n","protected":false},"featured_media":692,"template":"","meta":[],"product_brand":[],"product_cat":[18],"product_tag":[],"class_list":{"0":"post-724","1":"product","2":"type-product","3":"status-publish","4":"has-post-thumbnail","6":"product_cat-non-classe","8":"first","9":"instock","10":"taxable","11":"shipping-taxable","12":"purchasable","13":"product-type-simple"},"_links":{"self":[{"href":"https:\/\/www.agrebec.ca\/en\/wp-json\/wp\/v2\/product\/724","targetHints":{"allow":["GET"]}}],"collection":[{"href":"https:\/\/www.agrebec.ca\/en\/wp-json\/wp\/v2\/product"}],"about":[{"href":"https:\/\/www.agrebec.ca\/en\/wp-json\/wp\/v2\/types\/product"}],"wp:featuredmedia":[{"embeddable":true,"href":"https:\/\/www.agrebec.ca\/en\/wp-json\/wp\/v2\/media\/692"}],"wp:attachment":[{"href":"https:\/\/www.agrebec.ca\/en\/wp-json\/wp\/v2\/media?parent=724"}],"wp:term":[{"taxonomy":"product_brand","embeddable":true,"href":"https:\/\/www.agrebec.ca\/en\/wp-json\/wp\/v2\/product_brand?post=724"},{"taxonomy":"product_cat","embeddable":true,"href":"https:\/\/www.agrebec.ca\/en\/wp-json\/wp\/v2\/product_cat?post=724"},{"taxonomy":"product_tag","embeddable":true,"href":"https:\/\/www.agrebec.ca\/en\/wp-json\/wp\/v2\/product_tag?post=724"}],"curies":[{"name":"wp","href":"https:\/\/api.w.org\/{rel}","templated":true}]}}