{"id":736,"date":"2023-10-12T15:38:57","date_gmt":"2023-10-12T19:38:57","guid":{"rendered":"http:\/\/staging.agrebec.ca\/?post_type=product&#038;p=736"},"modified":"2025-01-10T09:56:09","modified_gmt":"2025-01-10T14:56:09","slug":"agre-lite-argile-expansee-no-20-252","status":"publish","type":"product","link":"https:\/\/www.agrebec.ca\/en\/produit\/agre-lite-argile-expansee-no-20-252\/","title":{"rendered":"\u00c9chantillon Agr\u00e9-Lite (Argile Expans\u00e9e) (~1kg)"},"content":{"rendered":"","protected":false},"excerpt":{"rendered":"<h5><span style=\"color: #ff0000;\">*Seulement les grosseurs dont les \u00e9chantillons sont en inventaire pourront \u00eatre ajout\u00e9s au panier<\/span><\/h5>\n<p>L\u2019argile expans\u00e9e Arge-lite est un agr\u00e9gat manufactur\u00e9 tr\u00e8s l\u00e9ger. Le proc\u00e9d\u00e9 d\u2019expansion et de vitrification produit un agr\u00e9gat de c\u00e9ramique qui est solide, durable, inerte et non-toxique. Disponible en plusieurs formats, l\u2019Agr\u00e9-Lite offre une solution pour r\u00e9duire les charges, la conductivit\u00e9 thermale et pour am\u00e9liorer la r\u00e9sistance aux feux et le traitement des eaux.<\/p>\n<table class=\"product\">\n<tbody>\n<tr>\n<td>3\/8 (10mm)<\/td>\n<td><img decoding=\"async\" class=\"ewww_webp_loaded\" src=\"https:\/\/www.agrebec.ca\/wp-content\/uploads\/2023\/09\/sac_logo.png.webp\" alt=\"\" width=\"21\" height=\"22\" data-src-img=\"https:\/\/www.agrebec.ca\/wp-content\/uploads\/2023\/09\/sac_logo.png\" data-src-webp=\"https:\/\/www.agrebec.ca\/wp-content\/uploads\/2023\/09\/sac_logo.png.webp\" data-eio=\"j\" \/><img decoding=\"async\" class=\"alignnone size-full wp-image-4878\" src=\"https:\/\/www.agrebec.ca\/wp-content\/uploads\/2025\/01\/bb_logo.png\" alt=\"\" width=\"21\" height=\"21\" \/><img decoding=\"async\" class=\"ewww_webp_loaded\" src=\"https:\/\/www.agrebec.ca\/wp-content\/uploads\/2023\/09\/cs_logo.png.webp\" alt=\"\" width=\"21\" height=\"21\" data-src-img=\"https:\/\/www.agrebec.ca\/wp-content\/uploads\/2023\/09\/cs_logo.png\" data-src-webp=\"https:\/\/www.agrebec.ca\/wp-content\/uploads\/2023\/09\/cs_logo.png.webp\" data-eio=\"j\" \/><\/td>\n<td>252<\/td>\n<\/tr>\n<\/tbody>\n<\/table>\n<p><strong>1 tonne m\u00e9trique couvre +\/-260 p<sup>2<\/sup> \u00e0 2 pouces d\u2019\u00e9paisseur<\/strong><\/p>\n","protected":false},"featured_media":733,"template":"","meta":[],"product_brand":[],"product_cat":[18],"product_tag":[],"class_list":{"0":"post-736","1":"product","2":"type-product","3":"status-publish","4":"has-post-thumbnail","6":"product_cat-non-classe","8":"first","9":"instock","10":"taxable","11":"shipping-taxable","12":"purchasable","13":"product-type-simple"},"_links":{"self":[{"href":"https:\/\/www.agrebec.ca\/en\/wp-json\/wp\/v2\/product\/736","targetHints":{"allow":["GET"]}}],"collection":[{"href":"https:\/\/www.agrebec.ca\/en\/wp-json\/wp\/v2\/product"}],"about":[{"href":"https:\/\/www.agrebec.ca\/en\/wp-json\/wp\/v2\/types\/product"}],"wp:featuredmedia":[{"embeddable":true,"href":"https:\/\/www.agrebec.ca\/en\/wp-json\/wp\/v2\/media\/733"}],"wp:attachment":[{"href":"https:\/\/www.agrebec.ca\/en\/wp-json\/wp\/v2\/media?parent=736"}],"wp:term":[{"taxonomy":"product_brand","embeddable":true,"href":"https:\/\/www.agrebec.ca\/en\/wp-json\/wp\/v2\/product_brand?post=736"},{"taxonomy":"product_cat","embeddable":true,"href":"https:\/\/www.agrebec.ca\/en\/wp-json\/wp\/v2\/product_cat?post=736"},{"taxonomy":"product_tag","embeddable":true,"href":"https:\/\/www.agrebec.ca\/en\/wp-json\/wp\/v2\/product_tag?post=736"}],"curies":[{"name":"wp","href":"https:\/\/api.w.org\/{rel}","templated":true}]}}