{"id":745,"date":"2023-10-12T16:03:44","date_gmt":"2023-10-12T20:03:44","guid":{"rendered":"http:\/\/staging.agrebec.ca\/?post_type=product&#038;p=745"},"modified":"2024-12-23T11:59:53","modified_gmt":"2024-12-23T16:59:53","slug":"beige-classique","status":"publish","type":"product","link":"https:\/\/www.agrebec.ca\/en\/produit\/beige-classique\/","title":{"rendered":"\u00c9chantillon Beige Classique (~1kg)"},"content":{"rendered":"","protected":false},"excerpt":{"rendered":"<h5><span style=\"color: #ff0000;\">*Seulement les grosseurs dont les \u00e9chantillons sont en inventaire pourront \u00eatre ajout\u00e9s au panier<\/span><\/h5>\n<p>Type: calcaire<\/p>\n<p>Couleur: beige\/gris<\/p>\n<p>Applications:<\/p>\n<p><img decoding=\"async\" class=\"ewww_webp_loaded\" src=\"https:\/\/www.agrebec.ca\/wp-content\/uploads\/2023\/09\/amenagement_logo.png.webp\" alt=\"\" width=\"34\" height=\"34\" data-src-img=\"https:\/\/www.agrebec.ca\/wp-content\/uploads\/2023\/09\/amenagement_logo.png\" data-src-webp=\"https:\/\/www.agrebec.ca\/wp-content\/uploads\/2023\/09\/amenagement_logo.png.webp\" data-eio=\"j\" \/>\u00a0<img decoding=\"async\" class=\"ewww_webp_loaded\" src=\"https:\/\/www.agrebec.ca\/wp-content\/uploads\/2023\/09\/industrie_logo.png.webp\" alt=\"\" width=\"34\" height=\"34\" data-src-img=\"https:\/\/www.agrebec.ca\/wp-content\/uploads\/2023\/09\/industrie_logo.png\" data-src-webp=\"https:\/\/www.agrebec.ca\/wp-content\/uploads\/2023\/09\/industrie_logo.png.webp\" data-eio=\"j\" \/><\/p>\n<p><strong>Grosseurs disponibles:<\/strong><\/p>\n<table class=\"product\">\n<tbody>\n<tr>\n<td>3\/8-5\/8 (10-16mm)<\/td>\n<td><img decoding=\"async\" class=\"ewww_webp_loaded\" src=\"https:\/\/www.agrebec.ca\/wp-content\/uploads\/2023\/09\/cs_logo.png.webp\" alt=\"\" width=\"21\" height=\"21\" data-src-img=\"https:\/\/www.agrebec.ca\/wp-content\/uploads\/2023\/09\/cs_logo.png\" data-src-webp=\"https:\/\/www.agrebec.ca\/wp-content\/uploads\/2023\/09\/cs_logo.png.webp\" data-eio=\"j\" \/><\/td>\n<td>314<\/td>\n<\/tr>\n<tr>\n<td>5\/8-7\/8 (16-22mm)<\/td>\n<td><img loading=\"lazy\" decoding=\"async\" class=\"ewww_webp_loaded\" src=\"https:\/\/www.agrebec.ca\/wp-content\/uploads\/2023\/09\/sac_logo.png.webp\" alt=\"\" width=\"21\" height=\"22\" data-src-img=\"https:\/\/www.agrebec.ca\/wp-content\/uploads\/2023\/09\/sac_logo.png\" data-src-webp=\"https:\/\/www.agrebec.ca\/wp-content\/uploads\/2023\/09\/sac_logo.png.webp\" data-eio=\"j\" \/>\u00a0<img loading=\"lazy\" decoding=\"async\" class=\"ewww_webp_loaded\" src=\"https:\/\/www.agrebec.ca\/wp-content\/uploads\/2023\/09\/vrac_logo.png.webp\" alt=\"\" width=\"21\" height=\"22\" data-src-img=\"https:\/\/www.agrebec.ca\/wp-content\/uploads\/2023\/09\/vrac_logo.png\" data-src-webp=\"https:\/\/www.agrebec.ca\/wp-content\/uploads\/2023\/09\/vrac_logo.png.webp\" data-eio=\"j\" \/><\/td>\n<td>315<\/td>\n<\/tr>\n<tr>\n<td>3\/4-1 1\/2 (20-40mm)<\/td>\n<td><img decoding=\"async\" class=\"ewww_webp_loaded\" src=\"https:\/\/www.agrebec.ca\/wp-content\/uploads\/2023\/09\/cs_logo.png.webp\" alt=\"\" width=\"21\" height=\"21\" data-src-img=\"https:\/\/www.agrebec.ca\/wp-content\/uploads\/2023\/09\/cs_logo.png\" data-src-webp=\"https:\/\/www.agrebec.ca\/wp-content\/uploads\/2023\/09\/cs_logo.png.webp\" data-eio=\"j\" \/><\/td>\n<td>316<\/td>\n<\/tr>\n<\/tbody>\n<\/table>\n<p><strong>1 tonne m\u00e9trique couvre +\/- 123p<sup>2<\/sup> \u00e0 2 pouces d\u2019\u00e9paisseur<\/strong><\/p>\n","protected":false},"featured_media":680,"template":"","meta":[],"product_brand":[],"product_cat":[18],"product_tag":[],"class_list":{"0":"post-745","1":"product","2":"type-product","3":"status-publish","4":"has-post-thumbnail","6":"product_cat-non-classe","8":"first","9":"instock","10":"taxable","11":"shipping-taxable","12":"purchasable","13":"product-type-variable"},"_links":{"self":[{"href":"https:\/\/www.agrebec.ca\/en\/wp-json\/wp\/v2\/product\/745","targetHints":{"allow":["GET"]}}],"collection":[{"href":"https:\/\/www.agrebec.ca\/en\/wp-json\/wp\/v2\/product"}],"about":[{"href":"https:\/\/www.agrebec.ca\/en\/wp-json\/wp\/v2\/types\/product"}],"wp:featuredmedia":[{"embeddable":true,"href":"https:\/\/www.agrebec.ca\/en\/wp-json\/wp\/v2\/media\/680"}],"wp:attachment":[{"href":"https:\/\/www.agrebec.ca\/en\/wp-json\/wp\/v2\/media?parent=745"}],"wp:term":[{"taxonomy":"product_brand","embeddable":true,"href":"https:\/\/www.agrebec.ca\/en\/wp-json\/wp\/v2\/product_brand?post=745"},{"taxonomy":"product_cat","embeddable":true,"href":"https:\/\/www.agrebec.ca\/en\/wp-json\/wp\/v2\/product_cat?post=745"},{"taxonomy":"product_tag","embeddable":true,"href":"https:\/\/www.agrebec.ca\/en\/wp-json\/wp\/v2\/product_tag?post=745"}],"curies":[{"name":"wp","href":"https:\/\/api.w.org\/{rel}","templated":true}]}}