{"id":7551,"date":"2025-08-03T08:14:07","date_gmt":"2025-08-03T12:14:07","guid":{"rendered":"https:\/\/www.agrebec.ca\/?post_type=product&#038;p=7551"},"modified":"2025-08-03T08:33:39","modified_gmt":"2025-08-03T12:33:39","slug":"echantillon-granite-beige-du-nord","status":"publish","type":"product","link":"https:\/\/www.agrebec.ca\/en\/produit\/echantillon-granite-beige-du-nord\/","title":{"rendered":"\u00c9chantillon Granite beige du Nord (~1kg)"},"content":{"rendered":"","protected":false},"excerpt":{"rendered":"<h5><span style=\"color: #ff0000;\">*Seulement les grosseurs dont les \u00e9chantillons sont en inventaire pourront \u00eatre ajout\u00e9s au panier<\/span><\/h5>\n<p>Type: granite<\/p>\n<p>Couleur: beige\/gris<\/p>\n<p>Applications:<\/p>\n<p><img decoding=\"async\" class=\"alignnone size-full wp-image-426 ewww_webp_loaded\" src=\"https:\/\/www.agrebec.ca\/wp-content\/uploads\/2023\/09\/amenagement_logo.png.webp\" alt=\"\" width=\"34\" height=\"34\" data-src-img=\"https:\/\/www.agrebec.ca\/wp-content\/uploads\/2023\/09\/amenagement_logo.png\" data-src-webp=\"https:\/\/www.agrebec.ca\/wp-content\/uploads\/2023\/09\/amenagement_logo.png.webp\" data-eio=\"j\" \/><img decoding=\"async\" class=\"alignnone size-medium wp-image-427 ewww_webp_loaded\" src=\"https:\/\/www.agrebec.ca\/wp-content\/uploads\/2023\/09\/industrie_logo.png.webp\" alt=\"\" width=\"34\" height=\"34\" data-src-img=\"https:\/\/www.agrebec.ca\/wp-content\/uploads\/2023\/09\/industrie_logo.png\" data-src-webp=\"https:\/\/www.agrebec.ca\/wp-content\/uploads\/2023\/09\/industrie_logo.png.webp\" data-eio=\"j\" \/><img decoding=\"async\" class=\"ewww_webp_loaded\" src=\"https:\/\/www.agrebec.ca\/wp-content\/uploads\/2023\/09\/beton_logo.png.webp\" alt=\"\" width=\"34\" height=\"34\" data-src-img=\"https:\/\/www.agrebec.ca\/wp-content\/uploads\/2023\/09\/beton_logo.png\" data-src-webp=\"https:\/\/www.agrebec.ca\/wp-content\/uploads\/2023\/09\/beton_logo.png.webp\" data-eio=\"j\" \/><\/p>\n<p><strong>Grosseurs disponibles:<\/strong><\/p>\n<table class=\"product\">\n<tbody>\n<tr>\n<td>1\/4-3\/8 (5-10mm)<\/td>\n<td><img loading=\"lazy\" decoding=\"async\" class=\"alignnone size-full wp-image-429\" src=\"https:\/\/www.agrebec.ca\/wp-content\/uploads\/2023\/09\/sac_logo.png\" alt=\"\" width=\"21\" height=\"21\" \/><img loading=\"lazy\" decoding=\"async\" class=\"alignnone size-full wp-image-4878\" src=\"https:\/\/www.agrebec.ca\/wp-content\/uploads\/2025\/01\/bb_logo.png\" alt=\"\" width=\"21\" height=\"21\" \/><img loading=\"lazy\" decoding=\"async\" style=\"font-size: 12.6px;\" src=\"https:\/\/www.agrebec.ca\/wp-content\/uploads\/2023\/09\/vrac_logo.png\" alt=\"\" width=\"21\" height=\"22\" \/><\/td>\n<td>544<\/td>\n<\/tr>\n<\/tbody>\n<\/table>\n<p><strong>1 tonne m\u00e9trique couvre +\/- 120p<sup>2<\/sup> \u00e0 2 pouces d\u2019\u00e9paisseur<\/strong><\/p>\n","protected":false},"featured_media":7284,"template":"","meta":[],"product_brand":[],"product_cat":[18],"product_tag":[],"class_list":{"0":"post-7551","1":"product","2":"type-product","3":"status-publish","4":"has-post-thumbnail","6":"product_cat-non-classe","8":"first","9":"instock","10":"taxable","11":"shipping-taxable","12":"purchasable","13":"product-type-simple"},"_links":{"self":[{"href":"https:\/\/www.agrebec.ca\/en\/wp-json\/wp\/v2\/product\/7551","targetHints":{"allow":["GET"]}}],"collection":[{"href":"https:\/\/www.agrebec.ca\/en\/wp-json\/wp\/v2\/product"}],"about":[{"href":"https:\/\/www.agrebec.ca\/en\/wp-json\/wp\/v2\/types\/product"}],"wp:featuredmedia":[{"embeddable":true,"href":"https:\/\/www.agrebec.ca\/en\/wp-json\/wp\/v2\/media\/7284"}],"wp:attachment":[{"href":"https:\/\/www.agrebec.ca\/en\/wp-json\/wp\/v2\/media?parent=7551"}],"wp:term":[{"taxonomy":"product_brand","embeddable":true,"href":"https:\/\/www.agrebec.ca\/en\/wp-json\/wp\/v2\/product_brand?post=7551"},{"taxonomy":"product_cat","embeddable":true,"href":"https:\/\/www.agrebec.ca\/en\/wp-json\/wp\/v2\/product_cat?post=7551"},{"taxonomy":"product_tag","embeddable":true,"href":"https:\/\/www.agrebec.ca\/en\/wp-json\/wp\/v2\/product_tag?post=7551"}],"curies":[{"name":"wp","href":"https:\/\/api.w.org\/{rel}","templated":true}]}}