{"id":764,"date":"2023-10-12T16:15:07","date_gmt":"2023-10-12T20:15:07","guid":{"rendered":"http:\/\/staging.agrebec.ca\/?post_type=product&#038;p=764"},"modified":"2024-12-23T11:20:42","modified_gmt":"2024-12-23T16:20:42","slug":"granite-gris-du-nord","status":"publish","type":"product","link":"https:\/\/www.agrebec.ca\/en\/produit\/granite-gris-du-nord\/","title":{"rendered":"\u00c9chantillon Granite Gris du Nord (~1kg)"},"content":{"rendered":"","protected":false},"excerpt":{"rendered":"<h5><span style=\"color: #ff0000;\">*Seulement les grosseurs dont les \u00e9chantillons sont en inventaire pourront \u00eatre ajout\u00e9s au panier<\/span><\/h5>\n<p>Type: granite<\/p>\n<p>Couleur: gris\/noir\/ros\u00e9<\/p>\n<p>Applications:<\/p>\n<p><img decoding=\"async\" class=\"ewww_webp_loaded\" src=\"https:\/\/www.agrebec.ca\/wp-content\/uploads\/2023\/09\/amenagement_logo.png.webp\" alt=\"\" width=\"34\" height=\"34\" data-src-img=\"https:\/\/www.agrebec.ca\/wp-content\/uploads\/2023\/09\/amenagement_logo.png\" data-src-webp=\"https:\/\/www.agrebec.ca\/wp-content\/uploads\/2023\/09\/amenagement_logo.png.webp\" data-eio=\"j\" \/>\u00a0<img decoding=\"async\" class=\"ewww_webp_loaded\" src=\"https:\/\/www.agrebec.ca\/wp-content\/uploads\/2023\/09\/industrie_logo.png.webp\" alt=\"\" width=\"34\" height=\"34\" data-src-img=\"https:\/\/www.agrebec.ca\/wp-content\/uploads\/2023\/09\/industrie_logo.png\" data-src-webp=\"https:\/\/www.agrebec.ca\/wp-content\/uploads\/2023\/09\/industrie_logo.png.webp\" data-eio=\"j\" \/>\u00a0<img decoding=\"async\" class=\"ewww_webp_loaded\" src=\"https:\/\/www.agrebec.ca\/wp-content\/uploads\/2023\/09\/beton_logo.png.webp\" alt=\"\" width=\"34\" height=\"34\" data-src-img=\"https:\/\/www.agrebec.ca\/wp-content\/uploads\/2023\/09\/beton_logo.png\" data-src-webp=\"https:\/\/www.agrebec.ca\/wp-content\/uploads\/2023\/09\/beton_logo.png.webp\" data-eio=\"j\" \/><\/p>\n<p><strong>Grosseurs disponibles:<\/strong><\/p>\n<table class=\"product\">\n<tbody>\n<tr>\n<td>1\/8-1\/4 (2.5-5mm)<\/td>\n<td><img loading=\"lazy\" decoding=\"async\" class=\"ewww_webp_loaded\" src=\"https:\/\/www.agrebec.ca\/wp-content\/uploads\/2023\/09\/sac_logo.png.webp\" alt=\"\" width=\"21\" height=\"22\" data-src-img=\"https:\/\/www.agrebec.ca\/wp-content\/uploads\/2023\/09\/sac_logo.png\" data-src-webp=\"https:\/\/www.agrebec.ca\/wp-content\/uploads\/2023\/09\/sac_logo.png.webp\" data-eio=\"j\" \/><img loading=\"lazy\" decoding=\"async\" src=\"https:\/\/www.agrebec.ca\/wp-content\/uploads\/2023\/09\/cs_logo.png\" alt=\"\" width=\"21\" height=\"21\" \/><\/td>\n<td>332<\/td>\n<\/tr>\n<tr>\n<td>1\/4-3\/8 (5-10mm)<\/td>\n<td><img loading=\"lazy\" decoding=\"async\" class=\"ewww_webp_loaded\" src=\"https:\/\/www.agrebec.ca\/wp-content\/uploads\/2023\/09\/sac_logo.png.webp\" alt=\"\" width=\"21\" height=\"21\" data-src-img=\"https:\/\/www.agrebec.ca\/wp-content\/uploads\/2023\/09\/sac_logo.png\" data-src-webp=\"https:\/\/www.agrebec.ca\/wp-content\/uploads\/2023\/09\/sac_logo.png.webp\" data-eio=\"j\" \/><img loading=\"lazy\" decoding=\"async\" src=\"https:\/\/www.agrebec.ca\/wp-content\/uploads\/2023\/09\/cs_logo.png\" alt=\"\" width=\"21\" height=\"21\" \/><\/td>\n<td>334<\/td>\n<\/tr>\n<tr>\n<td>1\/4-1\/2 (5-12mm)<\/td>\n<td><img loading=\"lazy\" decoding=\"async\" class=\"ewww_webp_loaded\" src=\"https:\/\/www.agrebec.ca\/wp-content\/uploads\/2023\/09\/cs_logo.png.webp\" alt=\"\" width=\"21\" height=\"21\" data-src-img=\"https:\/\/www.agrebec.ca\/wp-content\/uploads\/2023\/09\/cs_logo.png\" data-src-webp=\"https:\/\/www.agrebec.ca\/wp-content\/uploads\/2023\/09\/cs_logo.png.webp\" data-eio=\"j\" \/><\/td>\n<td>336<\/td>\n<\/tr>\n<tr>\n<td>3\/8-5\/8 (10-15mm)<\/td>\n<td><img loading=\"lazy\" decoding=\"async\" class=\"ewww_webp_loaded\" src=\"https:\/\/www.agrebec.ca\/wp-content\/uploads\/2023\/09\/cs_logo.png.webp\" alt=\"\" width=\"21\" height=\"21\" data-src-img=\"https:\/\/www.agrebec.ca\/wp-content\/uploads\/2023\/09\/cs_logo.png\" data-src-webp=\"https:\/\/www.agrebec.ca\/wp-content\/uploads\/2023\/09\/cs_logo.png.webp\" data-eio=\"j\" \/><\/td>\n<td>337<\/td>\n<\/tr>\n<tr>\n<td>3\/4-1 1\/8 (20-30mm)<\/td>\n<td><img loading=\"lazy\" decoding=\"async\" class=\"ewww_webp_loaded\" src=\"https:\/\/www.agrebec.ca\/wp-content\/uploads\/2023\/09\/cs_logo.png.webp\" alt=\"\" width=\"21\" height=\"21\" data-src-img=\"https:\/\/www.agrebec.ca\/wp-content\/uploads\/2023\/09\/cs_logo.png\" data-src-webp=\"https:\/\/www.agrebec.ca\/wp-content\/uploads\/2023\/09\/cs_logo.png.webp\" data-eio=\"j\" \/><\/td>\n<td>338<\/td>\n<\/tr>\n<tr>\n<td>3\/4-1 1\/2 (20-40mm)<\/td>\n<td><img loading=\"lazy\" decoding=\"async\" class=\"ewww_webp_loaded\" src=\"https:\/\/www.agrebec.ca\/wp-content\/uploads\/2023\/09\/cs_logo.png.webp\" alt=\"\" width=\"21\" height=\"21\" data-src-img=\"https:\/\/www.agrebec.ca\/wp-content\/uploads\/2023\/09\/cs_logo.png\" data-src-webp=\"https:\/\/www.agrebec.ca\/wp-content\/uploads\/2023\/09\/cs_logo.png.webp\" data-eio=\"j\" \/><\/td>\n<td>339<\/td>\n<\/tr>\n<\/tbody>\n<\/table>\n<p><strong>1 tonne m\u00e9trique couvre +\/- 120p<sup>2<\/sup> \u00e0 2 pouces d\u2019\u00e9paisseur<\/strong><\/p>\n","protected":false},"featured_media":685,"template":"","meta":[],"product_brand":[],"product_cat":[18],"product_tag":[],"class_list":{"0":"post-764","1":"product","2":"type-product","3":"status-publish","4":"has-post-thumbnail","6":"product_cat-non-classe","8":"first","9":"instock","10":"taxable","11":"shipping-taxable","12":"purchasable","13":"product-type-variable"},"_links":{"self":[{"href":"https:\/\/www.agrebec.ca\/en\/wp-json\/wp\/v2\/product\/764","targetHints":{"allow":["GET"]}}],"collection":[{"href":"https:\/\/www.agrebec.ca\/en\/wp-json\/wp\/v2\/product"}],"about":[{"href":"https:\/\/www.agrebec.ca\/en\/wp-json\/wp\/v2\/types\/product"}],"wp:featuredmedia":[{"embeddable":true,"href":"https:\/\/www.agrebec.ca\/en\/wp-json\/wp\/v2\/media\/685"}],"wp:attachment":[{"href":"https:\/\/www.agrebec.ca\/en\/wp-json\/wp\/v2\/media?parent=764"}],"wp:term":[{"taxonomy":"product_brand","embeddable":true,"href":"https:\/\/www.agrebec.ca\/en\/wp-json\/wp\/v2\/product_brand?post=764"},{"taxonomy":"product_cat","embeddable":true,"href":"https:\/\/www.agrebec.ca\/en\/wp-json\/wp\/v2\/product_cat?post=764"},{"taxonomy":"product_tag","embeddable":true,"href":"https:\/\/www.agrebec.ca\/en\/wp-json\/wp\/v2\/product_tag?post=764"}],"curies":[{"name":"wp","href":"https:\/\/api.w.org\/{rel}","templated":true}]}}