{"id":771,"date":"2023-10-12T16:17:14","date_gmt":"2023-10-12T20:17:14","guid":{"rendered":"http:\/\/staging.agrebec.ca\/?post_type=product&#038;p=771"},"modified":"2025-01-10T09:50:54","modified_gmt":"2025-01-10T14:50:54","slug":"granite-blanc","status":"publish","type":"product","link":"https:\/\/www.agrebec.ca\/en\/produit\/granite-blanc\/","title":{"rendered":"\u00c9chantillon Granite Blanc (~1kg)"},"content":{"rendered":"","protected":false},"excerpt":{"rendered":"<h5><span style=\"color: #ff0000;\">*Seulement les grosseurs dont les \u00e9chantillons sont en inventaire pourront \u00eatre ajout\u00e9s au panier<\/span><\/h5>\n<p>Type: granite<\/p>\n<p>Couleur: blanc\/noir<\/p>\n<p>Applications:<\/p>\n<p><img decoding=\"async\" class=\"ewww_webp_loaded\" src=\"https:\/\/www.agrebec.ca\/wp-content\/uploads\/2023\/09\/amenagement_logo.png.webp\" alt=\"\" width=\"34\" height=\"34\" data-src-img=\"https:\/\/www.agrebec.ca\/wp-content\/uploads\/2023\/09\/amenagement_logo.png\" data-src-webp=\"https:\/\/www.agrebec.ca\/wp-content\/uploads\/2023\/09\/amenagement_logo.png.webp\" data-eio=\"j\" \/>\u00a0<img decoding=\"async\" class=\"ewww_webp_loaded\" src=\"https:\/\/www.agrebec.ca\/wp-content\/uploads\/2023\/09\/industrie_logo.png.webp\" alt=\"\" width=\"34\" height=\"34\" data-src-img=\"https:\/\/www.agrebec.ca\/wp-content\/uploads\/2023\/09\/industrie_logo.png\" data-src-webp=\"https:\/\/www.agrebec.ca\/wp-content\/uploads\/2023\/09\/industrie_logo.png.webp\" data-eio=\"j\" \/>\u00a0<img decoding=\"async\" class=\"ewww_webp_loaded\" src=\"https:\/\/www.agrebec.ca\/wp-content\/uploads\/2023\/09\/beton_logo.png.webp\" alt=\"\" width=\"34\" height=\"34\" data-src-img=\"https:\/\/www.agrebec.ca\/wp-content\/uploads\/2023\/09\/beton_logo.png\" data-src-webp=\"https:\/\/www.agrebec.ca\/wp-content\/uploads\/2023\/09\/beton_logo.png.webp\" data-eio=\"j\" \/><\/p>\n<p><strong>Grosseurs disponibles:<\/strong><\/p>\n<table class=\"product\" style=\"height: 60px;\" width=\"270\">\n<tbody>\n<tr>\n<td>3\/32-1\/2 (2-4.75mm)<\/td>\n<td><img loading=\"lazy\" decoding=\"async\" style=\"font-size: 12.6px;\" src=\"https:\/\/www.agrebec.ca\/wp-content\/uploads\/2023\/09\/sac_logo.png\" alt=\"\" width=\"21\" height=\"22\" \/><img loading=\"lazy\" decoding=\"async\" class=\"alignnone size-full wp-image-4878\" src=\"https:\/\/www.agrebec.ca\/wp-content\/uploads\/2025\/01\/bb_logo.png\" alt=\"\" width=\"21\" height=\"21\" \/><img loading=\"lazy\" decoding=\"async\" class=\"alignnone size-full wp-image-430\" src=\"https:\/\/www.agrebec.ca\/wp-content\/uploads\/2023\/09\/cs_logo.png\" alt=\"\" width=\"21\" height=\"22\" \/><span style=\"font-size: 12.6px;\">\u00a0<\/span><\/td>\n<td>352<\/td>\n<\/tr>\n<\/tbody>\n<\/table>\n<p><strong>1 tonne m\u00e9trique couvre +\/- 120p<sup>2<\/sup> \u00e0 2 pouces d\u2019\u00e9paisseur<\/strong><\/p>\n","protected":false},"featured_media":686,"template":"","meta":[],"product_brand":[],"product_cat":[18],"product_tag":[],"class_list":{"0":"post-771","1":"product","2":"type-product","3":"status-publish","4":"has-post-thumbnail","6":"product_cat-non-classe","8":"first","9":"instock","10":"taxable","11":"shipping-taxable","12":"purchasable","13":"product-type-simple"},"_links":{"self":[{"href":"https:\/\/www.agrebec.ca\/en\/wp-json\/wp\/v2\/product\/771","targetHints":{"allow":["GET"]}}],"collection":[{"href":"https:\/\/www.agrebec.ca\/en\/wp-json\/wp\/v2\/product"}],"about":[{"href":"https:\/\/www.agrebec.ca\/en\/wp-json\/wp\/v2\/types\/product"}],"wp:featuredmedia":[{"embeddable":true,"href":"https:\/\/www.agrebec.ca\/en\/wp-json\/wp\/v2\/media\/686"}],"wp:attachment":[{"href":"https:\/\/www.agrebec.ca\/en\/wp-json\/wp\/v2\/media?parent=771"}],"wp:term":[{"taxonomy":"product_brand","embeddable":true,"href":"https:\/\/www.agrebec.ca\/en\/wp-json\/wp\/v2\/product_brand?post=771"},{"taxonomy":"product_cat","embeddable":true,"href":"https:\/\/www.agrebec.ca\/en\/wp-json\/wp\/v2\/product_cat?post=771"},{"taxonomy":"product_tag","embeddable":true,"href":"https:\/\/www.agrebec.ca\/en\/wp-json\/wp\/v2\/product_tag?post=771"}],"curies":[{"name":"wp","href":"https:\/\/api.w.org\/{rel}","templated":true}]}}